{"id":222,"date":"2022-10-15T14:33:05","date_gmt":"2022-10-15T12:33:05","guid":{"rendered":"http:\/\/carolinecruzinha.com\/?page_id=222"},"modified":"2025-05-04T20:27:17","modified_gmt":"2025-05-04T18:27:17","slug":"a-propos","status":"publish","type":"page","link":"https:\/\/carolinecruzinha.com\/index.php\/a-propos\/","title":{"rendered":"\u00c0 propos"},"content":{"rendered":"<div class=\"wp-block-image\">\n<figure class=\"aligncenter size-large is-resized\"><img loading=\"lazy\" decoding=\"async\" width=\"1024\" height=\"683\" src=\"http:\/\/carolinecruzinha.com\/wp-content\/uploads\/2022\/10\/5F29197B-4085-4C48-8D51-3C4F2B6D7D11-1024x683.jpeg\" alt=\"\" class=\"wp-image-224\" style=\"width:564px;height:376px\" srcset=\"https:\/\/carolinecruzinha.com\/wp-content\/uploads\/2022\/10\/5F29197B-4085-4C48-8D51-3C4F2B6D7D11-1024x683.jpeg 1024w, https:\/\/carolinecruzinha.com\/wp-content\/uploads\/2022\/10\/5F29197B-4085-4C48-8D51-3C4F2B6D7D11-300x200.jpeg 300w, https:\/\/carolinecruzinha.com\/wp-content\/uploads\/2022\/10\/5F29197B-4085-4C48-8D51-3C4F2B6D7D11-768x512.jpeg 768w, https:\/\/carolinecruzinha.com\/wp-content\/uploads\/2022\/10\/5F29197B-4085-4C48-8D51-3C4F2B6D7D11-1536x1024.jpeg 1536w, https:\/\/carolinecruzinha.com\/wp-content\/uploads\/2022\/10\/5F29197B-4085-4C48-8D51-3C4F2B6D7D11-400x267.jpeg 400w, https:\/\/carolinecruzinha.com\/wp-content\/uploads\/2022\/10\/5F29197B-4085-4C48-8D51-3C4F2B6D7D11-800x534.jpeg 800w, https:\/\/carolinecruzinha.com\/wp-content\/uploads\/2022\/10\/5F29197B-4085-4C48-8D51-3C4F2B6D7D11.jpeg 1600w\" sizes=\"auto, (max-width: 1024px) 100vw, 1024px\" \/><\/figure><\/div>\n\n\n<p>N\u00e9e en 1977 dans les Hauts de Seine d&rsquo;une m\u00e8re anglaise et d&rsquo;un p\u00e8re portugais, j&rsquo;ai grandi au contact de ces deux cultures.<\/p>\n\n\n\n<p>Apr\u00e8s des \u00e9tudes de gravure \u00e0 l&rsquo;\u00e9cole Estienne, j&rsquo;ai travaill\u00e9 pendant vingt ans en tant que professeure des \u00e9coles.<\/p>\n\n\n\n<p>Partageant ma passion de l&rsquo;art et des albums jeunesse avec mes \u00e9l\u00e8ves et coll\u00e8gues, j&rsquo;ai organis\u00e9 \u00e0 l&rsquo;\u00e9cole plusieurs r\u00e9sidences d&rsquo;artistes et des mini salons du livre avec une \u00e9quipe enthousiaste d&rsquo;auteur\u00b7ices.<\/p>\n\n\n\n<p>Je n&rsquo;ai jamais cess\u00e9 de dessiner mais depuis 2020 je me consacre totalement \u00e0 cette activit\u00e9. Je travaille sur des projets d&rsquo;albums jeunesse, r\u00e9alise des dessins sur commande, monte des expositions. Mes techniques privil\u00e9gi\u00e9es sont le crayon de couleur, le feutre et l\u2019encre.<\/p>\n\n\n<div class=\"wp-block-image\">\n<figure class=\"aligncenter size-full is-resized\"><img loading=\"lazy\" decoding=\"async\" width=\"735\" height=\"438\" src=\"http:\/\/carolinecruzinha.com\/wp-content\/uploads\/2022\/10\/DE6E3062-BDB9-4695-AE88-33C24C385FE9.png\" alt=\"\" class=\"wp-image-227\" style=\"width:554px;height:330px\" srcset=\"https:\/\/carolinecruzinha.com\/wp-content\/uploads\/2022\/10\/DE6E3062-BDB9-4695-AE88-33C24C385FE9.png 735w, https:\/\/carolinecruzinha.com\/wp-content\/uploads\/2022\/10\/DE6E3062-BDB9-4695-AE88-33C24C385FE9-300x179.png 300w, https:\/\/carolinecruzinha.com\/wp-content\/uploads\/2022\/10\/DE6E3062-BDB9-4695-AE88-33C24C385FE9-400x238.png 400w\" sizes=\"auto, (max-width: 735px) 100vw, 735px\" \/><\/figure><\/div>\n\n\n<p><br>Un \u00e9l\u00e8ve de 4\u00e8me a r\u00e9alis\u00e9 un court film sur mon activit\u00e9 dans le cadre du dispositif \u00ab\u00a0je filme le m\u00e9tier qui me pla\u00eet\u00a0\u00bb. \u00c0 voir ici : <a href=\"https:\/\/www.parcoursmetiers.tv\/video\/18522-du-bout-du-crayon-a-lillustration\">https:\/\/www.parcoursmetiers.tv\/video\/18522-du-bout-du-crayon-a-lillustration<\/a><\/p>\n\n\n\n<p><\/p>\n","protected":false},"excerpt":{"rendered":"<p>N\u00e9e en 1977 dans les Hauts de Seine d&rsquo;une m\u00e8re anglaise et d&rsquo;un p\u00e8re portugais, j&rsquo;ai grandi au contact de ces deux cultures. Apr\u00e8s des \u00e9tudes de gravure \u00e0 l&rsquo;\u00e9cole Estienne, j&rsquo;ai travaill\u00e9 pendant vingt ans en tant que professeure des \u00e9coles. Partageant ma passion de l&rsquo;art et des albums jeunesse avec mes \u00e9l\u00e8ves et [&hellip;]<\/p>\n","protected":false},"author":1,"featured_media":0,"parent":0,"menu_order":0,"comment_status":"closed","ping_status":"closed","template":"","meta":{"footnotes":""},"class_list":["post-222","page","type-page","status-publish","hentry","missing-thumbnail"],"yoast_head":"<!-- This site is optimized with the Yoast SEO plugin v19.8 - https:\/\/yoast.com\/wordpress\/plugins\/seo\/ -->\n<title>\u00c0 propos - Caroline Cruzinha<\/title>\n<meta name=\"robots\" content=\"index, follow, max-snippet:-1, max-image-preview:large, max-video-preview:-1\" \/>\n<link rel=\"canonical\" href=\"https:\/\/carolinecruzinha.com\/index.php\/a-propos\/\" \/>\n<meta property=\"og:locale\" content=\"fr_FR\" \/>\n<meta property=\"og:type\" content=\"article\" \/>\n<meta property=\"og:title\" content=\"\u00c0 propos - Caroline Cruzinha\" \/>\n<meta property=\"og:description\" content=\"N\u00e9e en 1977 dans les Hauts de Seine d&rsquo;une m\u00e8re anglaise et d&rsquo;un p\u00e8re portugais, j&rsquo;ai grandi au contact de ces deux cultures. Apr\u00e8s des \u00e9tudes de gravure \u00e0 l&rsquo;\u00e9cole Estienne, j&rsquo;ai travaill\u00e9 pendant vingt ans en tant que professeure des \u00e9coles. Partageant ma passion de l&rsquo;art et des albums jeunesse avec mes \u00e9l\u00e8ves et [&hellip;]\" \/>\n<meta property=\"og:url\" content=\"https:\/\/carolinecruzinha.com\/index.php\/a-propos\/\" \/>\n<meta property=\"og:site_name\" content=\"Caroline Cruzinha\" \/>\n<meta property=\"article:modified_time\" content=\"2025-05-04T18:27:17+00:00\" \/>\n<meta property=\"og:image\" content=\"http:\/\/carolinecruzinha.com\/wp-content\/uploads\/2022\/10\/5F29197B-4085-4C48-8D51-3C4F2B6D7D11-1024x683.jpeg\" \/>\n<meta name=\"twitter:card\" content=\"summary_large_image\" \/>\n<meta name=\"twitter:label1\" content=\"Dur\u00e9e de lecture estim\u00e9e\" \/>\n\t<meta name=\"twitter:data1\" content=\"2 minutes\" \/>\n<script type=\"application\/ld+json\" class=\"yoast-schema-graph\">{\"@context\":\"https:\/\/schema.org\",\"@graph\":[{\"@type\":\"WebPage\",\"@id\":\"https:\/\/carolinecruzinha.com\/index.php\/a-propos\/\",\"url\":\"https:\/\/carolinecruzinha.com\/index.php\/a-propos\/\",\"name\":\"\u00c0 propos - Caroline Cruzinha\",\"isPartOf\":{\"@id\":\"https:\/\/carolinecruzinha.com\/#website\"},\"datePublished\":\"2022-10-15T12:33:05+00:00\",\"dateModified\":\"2025-05-04T18:27:17+00:00\",\"breadcrumb\":{\"@id\":\"https:\/\/carolinecruzinha.com\/index.php\/a-propos\/#breadcrumb\"},\"inLanguage\":\"fr-FR\",\"potentialAction\":[{\"@type\":\"ReadAction\",\"target\":[\"https:\/\/carolinecruzinha.com\/index.php\/a-propos\/\"]}]},{\"@type\":\"BreadcrumbList\",\"@id\":\"https:\/\/carolinecruzinha.com\/index.php\/a-propos\/#breadcrumb\",\"itemListElement\":[{\"@type\":\"ListItem\",\"position\":1,\"name\":\"Accueil\",\"item\":\"https:\/\/carolinecruzinha.com\/\"},{\"@type\":\"ListItem\",\"position\":2,\"name\":\"\u00c0 propos\"}]},{\"@type\":\"WebSite\",\"@id\":\"https:\/\/carolinecruzinha.com\/#website\",\"url\":\"https:\/\/carolinecruzinha.com\/\",\"name\":\"Caroline Cruzinha\",\"description\":\"illustratrice\",\"publisher\":{\"@id\":\"https:\/\/carolinecruzinha.com\/#\/schema\/person\/bbc721aae1a749dd9c8d51ee8251e6d1\"},\"potentialAction\":[{\"@type\":\"SearchAction\",\"target\":{\"@type\":\"EntryPoint\",\"urlTemplate\":\"https:\/\/carolinecruzinha.com\/?s={search_term_string}\"},\"query-input\":\"required name=search_term_string\"}],\"inLanguage\":\"fr-FR\"},{\"@type\":[\"Person\",\"Organization\"],\"@id\":\"https:\/\/carolinecruzinha.com\/#\/schema\/person\/bbc721aae1a749dd9c8d51ee8251e6d1\",\"name\":\"admin4231\",\"image\":{\"@type\":\"ImageObject\",\"inLanguage\":\"fr-FR\",\"@id\":\"https:\/\/carolinecruzinha.com\/#\/schema\/person\/image\/\",\"url\":\"https:\/\/carolinecruzinha.com\/wp-content\/uploads\/2022\/10\/Vignette-3-1.png\",\"contentUrl\":\"https:\/\/carolinecruzinha.com\/wp-content\/uploads\/2022\/10\/Vignette-3-1.png\",\"width\":500,\"height\":500,\"caption\":\"admin4231\"},\"logo\":{\"@id\":\"https:\/\/carolinecruzinha.com\/#\/schema\/person\/image\/\"},\"sameAs\":[\"http:\/\/carolinecruzinha.com\",\"https:\/\/www.instagram.com\/caroline_cruzinha\/?hl=fr\"]}]}<\/script>\n<!-- \/ Yoast SEO plugin. -->","yoast_head_json":{"title":"\u00c0 propos - Caroline Cruzinha","robots":{"index":"index","follow":"follow","max-snippet":"max-snippet:-1","max-image-preview":"max-image-preview:large","max-video-preview":"max-video-preview:-1"},"canonical":"https:\/\/carolinecruzinha.com\/index.php\/a-propos\/","og_locale":"fr_FR","og_type":"article","og_title":"\u00c0 propos - Caroline Cruzinha","og_description":"N\u00e9e en 1977 dans les Hauts de Seine d&rsquo;une m\u00e8re anglaise et d&rsquo;un p\u00e8re portugais, j&rsquo;ai grandi au contact de ces deux cultures. Apr\u00e8s des \u00e9tudes de gravure \u00e0 l&rsquo;\u00e9cole Estienne, j&rsquo;ai travaill\u00e9 pendant vingt ans en tant que professeure des \u00e9coles. Partageant ma passion de l&rsquo;art et des albums jeunesse avec mes \u00e9l\u00e8ves et [&hellip;]","og_url":"https:\/\/carolinecruzinha.com\/index.php\/a-propos\/","og_site_name":"Caroline Cruzinha","article_modified_time":"2025-05-04T18:27:17+00:00","og_image":[{"url":"http:\/\/carolinecruzinha.com\/wp-content\/uploads\/2022\/10\/5F29197B-4085-4C48-8D51-3C4F2B6D7D11-1024x683.jpeg"}],"twitter_card":"summary_large_image","twitter_misc":{"Dur\u00e9e de lecture estim\u00e9e":"2 minutes"},"schema":{"@context":"https:\/\/schema.org","@graph":[{"@type":"WebPage","@id":"https:\/\/carolinecruzinha.com\/index.php\/a-propos\/","url":"https:\/\/carolinecruzinha.com\/index.php\/a-propos\/","name":"\u00c0 propos - Caroline Cruzinha","isPartOf":{"@id":"https:\/\/carolinecruzinha.com\/#website"},"datePublished":"2022-10-15T12:33:05+00:00","dateModified":"2025-05-04T18:27:17+00:00","breadcrumb":{"@id":"https:\/\/carolinecruzinha.com\/index.php\/a-propos\/#breadcrumb"},"inLanguage":"fr-FR","potentialAction":[{"@type":"ReadAction","target":["https:\/\/carolinecruzinha.com\/index.php\/a-propos\/"]}]},{"@type":"BreadcrumbList","@id":"https:\/\/carolinecruzinha.com\/index.php\/a-propos\/#breadcrumb","itemListElement":[{"@type":"ListItem","position":1,"name":"Accueil","item":"https:\/\/carolinecruzinha.com\/"},{"@type":"ListItem","position":2,"name":"\u00c0 propos"}]},{"@type":"WebSite","@id":"https:\/\/carolinecruzinha.com\/#website","url":"https:\/\/carolinecruzinha.com\/","name":"Caroline Cruzinha","description":"illustratrice","publisher":{"@id":"https:\/\/carolinecruzinha.com\/#\/schema\/person\/bbc721aae1a749dd9c8d51ee8251e6d1"},"potentialAction":[{"@type":"SearchAction","target":{"@type":"EntryPoint","urlTemplate":"https:\/\/carolinecruzinha.com\/?s={search_term_string}"},"query-input":"required name=search_term_string"}],"inLanguage":"fr-FR"},{"@type":["Person","Organization"],"@id":"https:\/\/carolinecruzinha.com\/#\/schema\/person\/bbc721aae1a749dd9c8d51ee8251e6d1","name":"admin4231","image":{"@type":"ImageObject","inLanguage":"fr-FR","@id":"https:\/\/carolinecruzinha.com\/#\/schema\/person\/image\/","url":"https:\/\/carolinecruzinha.com\/wp-content\/uploads\/2022\/10\/Vignette-3-1.png","contentUrl":"https:\/\/carolinecruzinha.com\/wp-content\/uploads\/2022\/10\/Vignette-3-1.png","width":500,"height":500,"caption":"admin4231"},"logo":{"@id":"https:\/\/carolinecruzinha.com\/#\/schema\/person\/image\/"},"sameAs":["http:\/\/carolinecruzinha.com","https:\/\/www.instagram.com\/caroline_cruzinha\/?hl=fr"]}]}},"_links":{"self":[{"href":"https:\/\/carolinecruzinha.com\/index.php\/wp-json\/wp\/v2\/pages\/222","targetHints":{"allow":["GET"]}}],"collection":[{"href":"https:\/\/carolinecruzinha.com\/index.php\/wp-json\/wp\/v2\/pages"}],"about":[{"href":"https:\/\/carolinecruzinha.com\/index.php\/wp-json\/wp\/v2\/types\/page"}],"author":[{"embeddable":true,"href":"https:\/\/carolinecruzinha.com\/index.php\/wp-json\/wp\/v2\/users\/1"}],"replies":[{"embeddable":true,"href":"https:\/\/carolinecruzinha.com\/index.php\/wp-json\/wp\/v2\/comments?post=222"}],"version-history":[{"count":6,"href":"https:\/\/carolinecruzinha.com\/index.php\/wp-json\/wp\/v2\/pages\/222\/revisions"}],"predecessor-version":[{"id":487,"href":"https:\/\/carolinecruzinha.com\/index.php\/wp-json\/wp\/v2\/pages\/222\/revisions\/487"}],"wp:attachment":[{"href":"https:\/\/carolinecruzinha.com\/index.php\/wp-json\/wp\/v2\/media?parent=222"}],"curies":[{"name":"wp","href":"https:\/\/api.w.org\/{rel}","templated":true}]}}